{"id":2,"date":"2016-05-10T03:48:21","date_gmt":"2016-05-10T03:48:21","guid":{"rendered":"http:\/\/haus-am-rosenborn.de\/?page_id=2"},"modified":"2023-01-10T14:25:40","modified_gmt":"2023-01-10T13:25:40","slug":"sample-page","status":"publish","type":"page","link":"https:\/\/haus-am-rosenborn.de\/","title":{"rendered":"Startseite"},"content":{"rendered":"<section class=\"l-section wpb_row height_medium\"><div class=\"l-section-h i-cf\"><div class=\"g-cols vc_row via_flex valign_top type_default stacking_default\"><div class=\"vc_col-sm-12 wpb_column vc_column_container\"><div class=\"vc_column-inner\"><div class=\"wpb_wrapper\"><div class=\"wpb_text_column us_custom_7994ac52\"><div class=\"wpb_wrapper\"><h1>Wohnen im Herzen von Harsefeld!<\/h1>\n<\/div><\/div><\/div><\/div><\/div><\/div><\/div><\/section><section class=\"l-section wpb_row height_medium\"><div class=\"l-section-h i-cf\"><div class=\"g-cols vc_row via_flex valign_top type_default stacking_default\"><div class=\"vc_col-sm-8 wpb_column vc_column_container\"><div class=\"vc_column-inner\"><div class=\"wpb_wrapper\"><div class=\"w-image align_none\"><div class=\"w-image-h\"><img loading=\"lazy\" decoding=\"async\" width=\"2000\" height=\"1429\" src=\"https:\/\/haus-am-rosenborn.de\/wp-content\/uploads\/2019\/08\/haus_am_rosenborn.jpg\" class=\"attachment-full size-full\" alt=\"Haus am Rosenborn\" srcset=\"https:\/\/haus-am-rosenborn.de\/wp-content\/uploads\/2019\/08\/haus_am_rosenborn.jpg 2000w, https:\/\/haus-am-rosenborn.de\/wp-content\/uploads\/2019\/08\/haus_am_rosenborn-300x214.jpg 300w, https:\/\/haus-am-rosenborn.de\/wp-content\/uploads\/2019\/08\/haus_am_rosenborn-1024x732.jpg 1024w\" sizes=\"auto, (max-width: 2000px) 100vw, 2000px\" \/><\/div><\/div><div class=\"wpb_text_column us_custom_d2199d32\"><div class=\"wpb_wrapper\"><p>Sie suchen eine Wohnung im attraktiven Ortskern von Harsefeld und die N\u00e4he zu Mitmenschen? Wir bieten Ihnen wundersch\u00f6ne, vollwertige Wohnungen mit Komfort und den Vorteilen einer Seniorenresidenz.<\/p>\n<p><strong>Hier werden Sie sich von Anfang an wohlf\u00fchlen!<\/strong><\/p>\n<p>Das &#8222;Haus am Rosenborn&#8220; grenzt unmittelbar an die Parkanlage Klosterteiche, die zum Spazieren und Verweilen einl\u00e4dt. Trotz der N\u00e4he zur Natur liegt der Ortskern direkt vor der T\u00fcr. In ca. 250 m Entfernung sind das Zentrum mit vielen Einkaufsm\u00f6glichkeiten und ebenso der Bahnhof zu erreichen.<\/p>\n<p>Die Seniorenresidenz &#8222;Haus am Rosenborn&#8220; ist ein gelungenes Beispiel f\u00fcr eine Wohnform, die Menschen zusammenbringt. So werden in den Gemeinschaftsr\u00e4umen des Mehrparteienhauses Freizeitaktivit\u00e4ten angeboten, die Jung und Alt &#8211; auch ausw\u00e4rts Wohnende &#8211;\u00a0 zusammenbringen.\u00a0 Sie haben aber auch die Freiheit, wie in jedem anderen Mehrfamilienhaus f\u00fcr sich zu sein und die Selbstst\u00e4ndigkeit zu genie\u00dfen<\/p>\n<p>Die\u00a0 Wohnungen bieten Ihnen Komfort und verf\u00fcgen alle \u00fcber einen \u00fcberdachten Balkon. Es versteht sich von selbst, dass das Haus \u00fcber einen Fahrstuhl verf\u00fcgt.<\/p>\n<div>Eine feste Ansprechpartnerin ist montags bis freitags von 08.00 bis 12.00 Uhr f\u00fcr Sie da und hilft mit Tipps und einem offenen Ohr.<\/div>\n<\/div><\/div><\/div><\/div><\/div><div class=\"vc_col-sm-4 wpb_column vc_column_container has_bg_color\"><div class=\"vc_column-inner us_custom_3b3091f0\"><div class=\"wpb_wrapper\"><div class=\"wpb_text_column\"><div class=\"wpb_wrapper\"><h4 style=\"text-align: center;\"><strong>Die Vorteile auf einen Blick:<\/strong><\/h4>\n<\/div><\/div><div class=\"w-image us_custom_3090c82c style_circle align_center\"><div class=\"w-image-h\"><img loading=\"lazy\" decoding=\"async\" width=\"150\" height=\"150\" src=\"https:\/\/haus-am-rosenborn.de\/wp-content\/uploads\/2019\/08\/zentral-150x150.jpg\" class=\"attachment-thumbnail size-thumbnail\" alt=\"Zentrale Lage\" srcset=\"https:\/\/haus-am-rosenborn.de\/wp-content\/uploads\/2019\/08\/zentral-150x150.jpg 150w, https:\/\/haus-am-rosenborn.de\/wp-content\/uploads\/2019\/08\/zentral-300x300.jpg 300w, https:\/\/haus-am-rosenborn.de\/wp-content\/uploads\/2019\/08\/zentral.jpg 500w\" sizes=\"auto, (max-width: 150px) 100vw, 150px\" \/><\/div><\/div><div class=\"wpb_text_column us_custom_2dbf7b3f\"><div class=\"wpb_wrapper\"><h6 style=\"text-align: center;\">Zentrale Lage<\/h6>\n<\/div><\/div><div class=\"w-image us_custom_3090c82c style_circle align_center\"><div class=\"w-image-h\"><img loading=\"lazy\" decoding=\"async\" width=\"150\" height=\"150\" src=\"https:\/\/haus-am-rosenborn.de\/wp-content\/uploads\/2019\/08\/einkaufen-150x150.jpg\" class=\"attachment-thumbnail size-thumbnail\" alt=\"Einkaufsm\u00f6glichkeiten\" srcset=\"https:\/\/haus-am-rosenborn.de\/wp-content\/uploads\/2019\/08\/einkaufen-150x150.jpg 150w, https:\/\/haus-am-rosenborn.de\/wp-content\/uploads\/2019\/08\/einkaufen-300x300.jpg 300w, https:\/\/haus-am-rosenborn.de\/wp-content\/uploads\/2019\/08\/einkaufen.jpg 500w\" sizes=\"auto, (max-width: 150px) 100vw, 150px\" \/><\/div><\/div><div class=\"wpb_text_column us_custom_2dbf7b3f\"><div class=\"wpb_wrapper\"><h6 style=\"text-align: center;\">Nahe Einkaufsm\u00f6glichkeiten<\/h6>\n<\/div><\/div><div class=\"w-image us_custom_3090c82c style_circle align_center\"><div class=\"w-image-h\"><img loading=\"lazy\" decoding=\"async\" width=\"150\" height=\"150\" src=\"https:\/\/haus-am-rosenborn.de\/wp-content\/uploads\/2019\/08\/freizeit-150x150.jpg\" class=\"attachment-thumbnail size-thumbnail\" alt=\"Freizeitaktivit\u00e4ten\" srcset=\"https:\/\/haus-am-rosenborn.de\/wp-content\/uploads\/2019\/08\/freizeit-150x150.jpg 150w, https:\/\/haus-am-rosenborn.de\/wp-content\/uploads\/2019\/08\/freizeit-300x300.jpg 300w, https:\/\/haus-am-rosenborn.de\/wp-content\/uploads\/2019\/08\/freizeit.jpg 500w\" sizes=\"auto, (max-width: 150px) 100vw, 150px\" \/><\/div><\/div><div class=\"wpb_text_column us_custom_2dbf7b3f\"><div class=\"wpb_wrapper\"><h6 style=\"text-align: center;\">Freizeitaktivit\u00e4ten<\/h6>\n<\/div><\/div><div class=\"w-image us_custom_3090c82c style_circle align_center\"><div class=\"w-image-h\"><img loading=\"lazy\" decoding=\"async\" width=\"150\" height=\"150\" src=\"https:\/\/haus-am-rosenborn.de\/wp-content\/uploads\/2019\/08\/wohnen-150x150.jpg\" class=\"attachment-thumbnail size-thumbnail\" alt=\"gro\u00dfz\u00fcgige Wohnungen\" srcset=\"https:\/\/haus-am-rosenborn.de\/wp-content\/uploads\/2019\/08\/wohnen-150x150.jpg 150w, https:\/\/haus-am-rosenborn.de\/wp-content\/uploads\/2019\/08\/wohnen-300x300.jpg 300w, https:\/\/haus-am-rosenborn.de\/wp-content\/uploads\/2019\/08\/wohnen.jpg 500w\" sizes=\"auto, (max-width: 150px) 100vw, 150px\" \/><\/div><\/div><div class=\"wpb_text_column us_custom_2dbf7b3f\"><div class=\"wpb_wrapper\"><h6 style=\"text-align: center;\">Gro\u00dfz\u00fcgige Wohnungen<\/h6>\n<\/div><\/div><div class=\"w-image us_custom_3090c82c style_circle align_center\"><div class=\"w-image-h\"><img loading=\"lazy\" decoding=\"async\" width=\"150\" height=\"150\" src=\"https:\/\/haus-am-rosenborn.de\/wp-content\/uploads\/2019\/08\/ansprechpartner-150x150.jpg\" class=\"attachment-thumbnail size-thumbnail\" alt=\"Ansprechpartner vor Ort\" srcset=\"https:\/\/haus-am-rosenborn.de\/wp-content\/uploads\/2019\/08\/ansprechpartner-150x150.jpg 150w, https:\/\/haus-am-rosenborn.de\/wp-content\/uploads\/2019\/08\/ansprechpartner-300x300.jpg 300w, https:\/\/haus-am-rosenborn.de\/wp-content\/uploads\/2019\/08\/ansprechpartner.jpg 500w\" sizes=\"auto, (max-width: 150px) 100vw, 150px\" \/><\/div><\/div><div class=\"wpb_text_column us_custom_2dbf7b3f\"><div class=\"wpb_wrapper\"><h6 style=\"text-align: center;\">Ansprechpartner vor Ort<\/h6>\n<\/div><\/div><\/div><\/div><\/div><\/div><\/div><\/section>\n","protected":false},"excerpt":{"rendered":"Wohnen im Herzen von Harsefeld! Sie suchen eine Wohnung im attraktiven Ortskern von Harsefeld und die N\u00e4he zu Mitmenschen? Wir bieten Ihnen wundersch\u00f6ne, vollwertige Wohnungen mit Komfort und den Vorteilen einer Seniorenresidenz. Hier werden Sie sich von Anfang an wohlf\u00fchlen! Das &#8222;Haus am Rosenborn&#8220; grenzt unmittelbar an die Parkanlage Klosterteiche, die zum Spazieren und Verweilen...","protected":false},"author":1,"featured_media":0,"parent":0,"menu_order":0,"comment_status":"closed","ping_status":"open","template":"","meta":{"_monsterinsights_skip_tracking":false,"_monsterinsights_sitenote_active":false,"_monsterinsights_sitenote_note":"","_monsterinsights_sitenote_category":0,"footnotes":""},"class_list":["post-2","page","type-page","status-publish","hentry"],"yoast_head":"<!-- This site is optimized with the Yoast SEO plugin v27.3 - https:\/\/yoast.com\/product\/yoast-seo-wordpress\/ -->\n<title>Startseite &#8211; Haus am Rosenborn<\/title>\n<meta name=\"robots\" content=\"index, follow, max-snippet:-1, max-image-preview:large, max-video-preview:-1\" \/>\n<link rel=\"canonical\" href=\"https:\/\/haus-am-rosenborn.de\/\" \/>\n<meta property=\"og:locale\" content=\"de_DE\" \/>\n<meta property=\"og:type\" content=\"article\" \/>\n<meta property=\"og:title\" content=\"Startseite &#8211; Haus am Rosenborn\" \/>\n<meta property=\"og:url\" content=\"https:\/\/haus-am-rosenborn.de\/\" \/>\n<meta property=\"og:site_name\" content=\"Haus am Rosenborn\" \/>\n<meta property=\"article:modified_time\" content=\"2023-01-10T13:25:40+00:00\" \/>\n<meta name=\"twitter:card\" content=\"summary_large_image\" \/>\n<meta name=\"twitter:label1\" content=\"Gesch\u00e4tzte Lesezeit\" \/>\n\t<meta name=\"twitter:data1\" content=\"2\u00a0Minuten\" \/>\n<script type=\"application\/ld+json\" class=\"yoast-schema-graph\">{\"@context\":\"https:\\\/\\\/schema.org\",\"@graph\":[{\"@type\":\"WebPage\",\"@id\":\"https:\\\/\\\/haus-am-rosenborn.de\\\/\",\"url\":\"https:\\\/\\\/haus-am-rosenborn.de\\\/\",\"name\":\"Startseite &#8211; Haus am Rosenborn\",\"isPartOf\":{\"@id\":\"https:\\\/\\\/haus-am-rosenborn.de\\\/#website\"},\"datePublished\":\"2016-05-10T03:48:21+00:00\",\"dateModified\":\"2023-01-10T13:25:40+00:00\",\"breadcrumb\":{\"@id\":\"https:\\\/\\\/haus-am-rosenborn.de\\\/#breadcrumb\"},\"inLanguage\":\"de\",\"potentialAction\":[{\"@type\":\"ReadAction\",\"target\":[\"https:\\\/\\\/haus-am-rosenborn.de\\\/\"]}]},{\"@type\":\"BreadcrumbList\",\"@id\":\"https:\\\/\\\/haus-am-rosenborn.de\\\/#breadcrumb\",\"itemListElement\":[{\"@type\":\"ListItem\",\"position\":1,\"name\":\"Startseite\",\"item\":\"https:\\\/\\\/haus-am-rosenborn.de\\\/\"},{\"@type\":\"ListItem\",\"position\":2,\"name\":\"Startseite\"}]},{\"@type\":\"WebSite\",\"@id\":\"https:\\\/\\\/haus-am-rosenborn.de\\\/#website\",\"url\":\"https:\\\/\\\/haus-am-rosenborn.de\\\/\",\"name\":\"Haus am Rosenborn\",\"description\":\"Wohnen im Herzen von Harsefeld\",\"publisher\":{\"@id\":\"https:\\\/\\\/haus-am-rosenborn.de\\\/#organization\"},\"potentialAction\":[{\"@type\":\"SearchAction\",\"target\":{\"@type\":\"EntryPoint\",\"urlTemplate\":\"https:\\\/\\\/haus-am-rosenborn.de\\\/?s={search_term_string}\"},\"query-input\":{\"@type\":\"PropertyValueSpecification\",\"valueRequired\":true,\"valueName\":\"search_term_string\"}}],\"inLanguage\":\"de\"},{\"@type\":\"Organization\",\"@id\":\"https:\\\/\\\/haus-am-rosenborn.de\\\/#organization\",\"name\":\"Haus am Rosenborn\",\"url\":\"https:\\\/\\\/haus-am-rosenborn.de\\\/\",\"logo\":{\"@type\":\"ImageObject\",\"inLanguage\":\"de\",\"@id\":\"https:\\\/\\\/haus-am-rosenborn.de\\\/#\\\/schema\\\/logo\\\/image\\\/\",\"url\":\"https:\\\/\\\/haus-am-rosenborn.de\\\/wp-content\\\/uploads\\\/2019\\\/08\\\/haus_am_rosenborn.jpg\",\"contentUrl\":\"https:\\\/\\\/haus-am-rosenborn.de\\\/wp-content\\\/uploads\\\/2019\\\/08\\\/haus_am_rosenborn.jpg\",\"width\":2000,\"height\":1429,\"caption\":\"Haus am Rosenborn\"},\"image\":{\"@id\":\"https:\\\/\\\/haus-am-rosenborn.de\\\/#\\\/schema\\\/logo\\\/image\\\/\"}}]}<\/script>\n<!-- \/ Yoast SEO plugin. -->","yoast_head_json":{"title":"Startseite &#8211; Haus am Rosenborn","robots":{"index":"index","follow":"follow","max-snippet":"max-snippet:-1","max-image-preview":"max-image-preview:large","max-video-preview":"max-video-preview:-1"},"canonical":"https:\/\/haus-am-rosenborn.de\/","og_locale":"de_DE","og_type":"article","og_title":"Startseite &#8211; Haus am Rosenborn","og_url":"https:\/\/haus-am-rosenborn.de\/","og_site_name":"Haus am Rosenborn","article_modified_time":"2023-01-10T13:25:40+00:00","twitter_card":"summary_large_image","twitter_misc":{"Gesch\u00e4tzte Lesezeit":"2\u00a0Minuten"},"schema":{"@context":"https:\/\/schema.org","@graph":[{"@type":"WebPage","@id":"https:\/\/haus-am-rosenborn.de\/","url":"https:\/\/haus-am-rosenborn.de\/","name":"Startseite &#8211; Haus am Rosenborn","isPartOf":{"@id":"https:\/\/haus-am-rosenborn.de\/#website"},"datePublished":"2016-05-10T03:48:21+00:00","dateModified":"2023-01-10T13:25:40+00:00","breadcrumb":{"@id":"https:\/\/haus-am-rosenborn.de\/#breadcrumb"},"inLanguage":"de","potentialAction":[{"@type":"ReadAction","target":["https:\/\/haus-am-rosenborn.de\/"]}]},{"@type":"BreadcrumbList","@id":"https:\/\/haus-am-rosenborn.de\/#breadcrumb","itemListElement":[{"@type":"ListItem","position":1,"name":"Startseite","item":"https:\/\/haus-am-rosenborn.de\/"},{"@type":"ListItem","position":2,"name":"Startseite"}]},{"@type":"WebSite","@id":"https:\/\/haus-am-rosenborn.de\/#website","url":"https:\/\/haus-am-rosenborn.de\/","name":"Haus am Rosenborn","description":"Wohnen im Herzen von Harsefeld","publisher":{"@id":"https:\/\/haus-am-rosenborn.de\/#organization"},"potentialAction":[{"@type":"SearchAction","target":{"@type":"EntryPoint","urlTemplate":"https:\/\/haus-am-rosenborn.de\/?s={search_term_string}"},"query-input":{"@type":"PropertyValueSpecification","valueRequired":true,"valueName":"search_term_string"}}],"inLanguage":"de"},{"@type":"Organization","@id":"https:\/\/haus-am-rosenborn.de\/#organization","name":"Haus am Rosenborn","url":"https:\/\/haus-am-rosenborn.de\/","logo":{"@type":"ImageObject","inLanguage":"de","@id":"https:\/\/haus-am-rosenborn.de\/#\/schema\/logo\/image\/","url":"https:\/\/haus-am-rosenborn.de\/wp-content\/uploads\/2019\/08\/haus_am_rosenborn.jpg","contentUrl":"https:\/\/haus-am-rosenborn.de\/wp-content\/uploads\/2019\/08\/haus_am_rosenborn.jpg","width":2000,"height":1429,"caption":"Haus am Rosenborn"},"image":{"@id":"https:\/\/haus-am-rosenborn.de\/#\/schema\/logo\/image\/"}}]}},"_links":{"self":[{"href":"https:\/\/haus-am-rosenborn.de\/index.php?rest_route=\/wp\/v2\/pages\/2","targetHints":{"allow":["GET"]}}],"collection":[{"href":"https:\/\/haus-am-rosenborn.de\/index.php?rest_route=\/wp\/v2\/pages"}],"about":[{"href":"https:\/\/haus-am-rosenborn.de\/index.php?rest_route=\/wp\/v2\/types\/page"}],"author":[{"embeddable":true,"href":"https:\/\/haus-am-rosenborn.de\/index.php?rest_route=\/wp\/v2\/users\/1"}],"replies":[{"embeddable":true,"href":"https:\/\/haus-am-rosenborn.de\/index.php?rest_route=%2Fwp%2Fv2%2Fcomments&post=2"}],"version-history":[{"count":30,"href":"https:\/\/haus-am-rosenborn.de\/index.php?rest_route=\/wp\/v2\/pages\/2\/revisions"}],"predecessor-version":[{"id":139,"href":"https:\/\/haus-am-rosenborn.de\/index.php?rest_route=\/wp\/v2\/pages\/2\/revisions\/139"}],"wp:attachment":[{"href":"https:\/\/haus-am-rosenborn.de\/index.php?rest_route=%2Fwp%2Fv2%2Fmedia&parent=2"}],"curies":[{"name":"wp","href":"https:\/\/api.w.org\/{rel}","templated":true}]}}